{"id":57478,"date":"2024-02-11T07:30:08","date_gmt":"2024-02-11T06:30:08","guid":{"rendered":"https:\/\/testserver3.ntl-solutions.net\/?page_id=57478"},"modified":"2024-08-09T03:11:52","modified_gmt":"2024-08-09T01:11:52","slug":"einzugsermaechtigung-per-lastschrift","status":"publish","type":"page","link":"https:\/\/flugfabrik.de\/en\/einzugsermaechtigung-per-lastschrift\/","title":{"rendered":"\"Direct debit authorization by bank transfer"},"content":{"rendered":"<div class=\"wpb-content-wrapper\"><div data-vc-full-width=\"true\" data-vc-full-width-init=\"false\" class=\"vc_row wpb_row vc_row-fluid vc_custom_1707372703659\"><div class=\"wpb_column vc_column_container vc_col-sm-12\"><div class=\"vc_column-inner\"><div class=\"wpb_wrapper\">\n\t<div class=\"wpb_text_column wpb_content_element\" >\n\t\t<div class=\"wpb_wrapper\">\n\t\t\t<p style=\"text-align: justify;\"><strong>Secure payment processing:<\/strong><br \/>\nOur website uses SSL (Secure Socket Layer) encryption to ensure the security of your data during the entire direct debit process. This technology protects your personal information by encrypting it before sending it over the Internet. You can recognize that you are in a secure area when the browser's address bar starts with 'https:\/\/' and a padlock symbol is visible.<\/p>\n<p style=\"text-align: justify;\"><strong>Data protection:<\/strong><br \/>\nflugfabrik GmbH takes the protection of your personal data very seriously. The collection, processing, and use of your data are carried out exclusively in strict compliance with applicable data protection laws. Personal data that you provide to us in the context of the direct debit authorization will be used solely for the purpose of processing the payment transaction and will not be disclosed to third parties unless required by law or you have expressly consented.<\/p>\n<p style=\"text-align: justify;\"><strong>Direct debit authorization:<\/strong><br \/>\nWith your direct debit authorization, you authorize flugfabrik GmbH to debit the invoice amount directly from your account. This direct debit authorization can be revoked by you at any time. In the event that you wish to revoke your direct debit authorization, please contact us immediately at our known contact addresses.<\/p>\n\n\t\t<\/div>\n\t<\/div>\n<div class=\"wpforms-container wpforms-container-full wpforms-render-modern\" id=\"wpforms-57532\"><form id=\"wpforms-form-57532\" class=\"wpforms-validate wpforms-form wpforms-ajax-form\" data-formid=\"57532\" method=\"post\" enctype=\"multipart\/form-data\" action=\"\/en\/wp-json\/wp\/v2\/pages\/57478\" data-token=\"56d4414ccf281eee0709b58f632cfebe\" data-trp-original-action=\"\/en\/wp-json\/wp\/v2\/pages\/57478\"><noscript class=\"wpforms-error-noscript\">Please enable JavaScript in your browser to complete this form.<\/noscript><div class=\"wpforms-hidden\" id=\"wpforms-error-noscript\">Please enable JavaScript in your browser to complete this form.<\/div><div class=\"wpforms-field-container\"><div id=\"wpforms-57532-field_0-container\" class=\"wpforms-field wpforms-field-name\" data-field-id=\"0\"><fieldset><legend class=\"wpforms-field-label\">Passenger's Name <span class=\"wpforms-required-label\" aria-hidden=\"true\">*<\/span><\/legend><div class=\"wpforms-field-row wpforms-field-large\"><div class=\"wpforms-field-row-block wpforms-first wpforms-one-half\"><input type=\"text\" id=\"wpforms-57532-field_0\" class=\"wpforms-field-name-first wpforms-field-required\" name=\"wpforms[fields][0][first]\" aria-errormessage=\"wpforms-57532-field_0-error\" required><label for=\"wpforms-57532-field_0\" class=\"wpforms-field-sublabel after\">First<\/label><\/div><div class=\"wpforms-field-row-block wpforms-one-half\"><input type=\"text\" id=\"wpforms-57532-field_0-last\" class=\"wpforms-field-name-last wpforms-field-required\" name=\"wpforms[fields][0][last]\" aria-errormessage=\"wpforms-57532-field_0-last-error\" required><label for=\"wpforms-57532-field_0-last\" class=\"wpforms-field-sublabel after\">Last<\/label><\/div><\/div><\/fieldset><\/div><div id=\"wpforms-57532-field_12-container\" class=\"wpforms-field wpforms-field-layout\" data-field-id=\"12\"><label class=\"wpforms-field-label wpforms-label-hide\" for=\"wpforms-57532-field_12\" aria-hidden=\"false\">Layout<\/label><div class=\"wpforms-field-layout-columns wpforms-field-layout-preset-50-50\"><div class=\"wpforms-layout-column wpforms-layout-column-50\"><div id=\"wpforms-57532-field_15-container\" class=\"wpforms-field wpforms-field-date-time\" data-field-id=\"15\"><label class=\"wpforms-field-label\" for=\"wpforms-57532-field_15\">Date of Travel <span class=\"wpforms-required-label\" aria-hidden=\"true\">*<\/span><\/label><div class=\"wpforms-datepicker-wrap\"><input type=\"text\" id=\"wpforms-57532-field_15\" class=\"wpforms-field-date-time-date wpforms-datepicker wpforms-field-required wpforms-field-medium\" data-date-format=\"d\/m\/Y\" data-disable-past-dates=\"1\" data-input=\"true\" name=\"wpforms[fields][15][date]\" placeholder=\"TT\/MM\/YYYY\" aria-errormessage=\"wpforms-57532-field_15-error\" required><a title=\"Clear Date\" data-clear class=\"wpforms-datepicker-clear\" style=\"display:none;\"><\/a><\/div><\/div><\/div><div class=\"wpforms-layout-column wpforms-layout-column-50\"><div id=\"wpforms-57532-field_27-container\" class=\"wpforms-field wpforms-field-text\" data-field-id=\"27\"><label class=\"wpforms-field-label\" for=\"wpforms-57532-field_27\">Invoice Amount <span class=\"wpforms-required-label\" aria-hidden=\"true\">*<\/span><\/label><input type=\"text\" id=\"wpforms-57532-field_27\" class=\"wpforms-field-medium wpforms-field-required\" name=\"wpforms[fields][27]\" placeholder=\"xxxx,xx \u20ac\" aria-errormessage=\"wpforms-57532-field_27-error\" required><\/div><\/div><\/div><\/div><div id=\"wpforms-57532-field_21-container\" class=\"wpforms-field wpforms-field-name\" data-field-id=\"21\"><fieldset><legend class=\"wpforms-field-label\">Account holder's name <span class=\"wpforms-required-label\" aria-hidden=\"true\">*<\/span><\/legend><div class=\"wpforms-field-row wpforms-field-large\"><div class=\"wpforms-field-row-block wpforms-first wpforms-one-half\"><input type=\"text\" id=\"wpforms-57532-field_21\" class=\"wpforms-field-name-first wpforms-field-required\" name=\"wpforms[fields][21][first]\" aria-errormessage=\"wpforms-57532-field_21-error\" required><label for=\"wpforms-57532-field_21\" class=\"wpforms-field-sublabel after\">First<\/label><\/div><div class=\"wpforms-field-row-block wpforms-one-half\"><input type=\"text\" id=\"wpforms-57532-field_21-last\" class=\"wpforms-field-name-last wpforms-field-required\" name=\"wpforms[fields][21][last]\" aria-errormessage=\"wpforms-57532-field_21-last-error\" required><label for=\"wpforms-57532-field_21-last\" class=\"wpforms-field-sublabel after\">Last<\/label><\/div><\/div><\/fieldset><\/div><div id=\"wpforms-57532-field_23-container\" class=\"wpforms-field wpforms-field-email\" data-field-id=\"23\"><label class=\"wpforms-field-label\" for=\"wpforms-57532-field_23\">E-Mail <span class=\"wpforms-required-label\" aria-hidden=\"true\">*<\/span><\/label><input type=\"email\" id=\"wpforms-57532-field_23\" class=\"wpforms-field-large wpforms-field-required\" name=\"wpforms[fields][23]\" spellcheck=\"false\" aria-errormessage=\"wpforms-57532-field_23-error\" required><\/div><div id=\"wpforms-57532-field_22-container\" class=\"wpforms-field wpforms-field-layout\" data-field-id=\"22\"><label class=\"wpforms-field-label wpforms-label-hide\" for=\"wpforms-57532-field_22\" aria-hidden=\"false\">Layout<\/label><div class=\"wpforms-field-layout-columns wpforms-field-layout-preset-50-50\"><div class=\"wpforms-layout-column wpforms-layout-column-50\"><div id=\"wpforms-57532-field_24-container\" class=\"wpforms-field wpforms-field-text\" data-field-id=\"24\"><label class=\"wpforms-field-label\" for=\"wpforms-57532-field_24\">Name of the bank <span class=\"wpforms-required-label\" aria-hidden=\"true\">*<\/span><\/label><input type=\"text\" id=\"wpforms-57532-field_24\" class=\"wpforms-field-medium wpforms-field-required\" name=\"wpforms[fields][24]\" aria-errormessage=\"wpforms-57532-field_24-error\" required><\/div><div id=\"wpforms-57532-field_19-container\" class=\"wpforms-field wpforms-field-text\" data-field-id=\"19\"><label class=\"wpforms-field-label\" for=\"wpforms-57532-field_19\">BIC <span class=\"wpforms-required-label\" aria-hidden=\"true\">*<\/span><\/label><input type=\"text\" id=\"wpforms-57532-field_19\" class=\"wpforms-field-medium wpforms-field-required\" name=\"wpforms[fields][19]\" aria-errormessage=\"wpforms-57532-field_19-error\" required><\/div><\/div><div class=\"wpforms-layout-column wpforms-layout-column-50\"><div id=\"wpforms-57532-field_20-container\" class=\"wpforms-field wpforms-field-text\" data-field-id=\"20\"><label class=\"wpforms-field-label\" for=\"wpforms-57532-field_20\">IBAN <span class=\"wpforms-required-label\" aria-hidden=\"true\">*<\/span><\/label><input type=\"text\" id=\"wpforms-57532-field_20\" class=\"wpforms-field-medium wpforms-field-required\" name=\"wpforms[fields][20]\" aria-errormessage=\"wpforms-57532-field_20-error\" required><\/div><\/div><\/div><\/div><div id=\"wpforms-57532-field_18-container\" class=\"wpforms-field wpforms-field-text\" data-field-id=\"18\"><label class=\"wpforms-field-label\" for=\"wpforms-57532-field_18\">Company Name<\/label><input type=\"text\" id=\"wpforms-57532-field_18\" class=\"wpforms-field-large\" name=\"wpforms[fields][18]\" aria-errormessage=\"wpforms-57532-field_18-error\" ><\/div><div id=\"wpforms-57532-field_8-container\" class=\"wpforms-field wpforms-field-address\" data-field-id=\"8\"><fieldset><legend class=\"wpforms-field-label\">Invoice Address <span class=\"wpforms-required-label\" aria-hidden=\"true\">*<\/span><\/legend><div class=\"wpforms-field-row wpforms-field-large\"><div ><input type=\"text\" id=\"wpforms-57532-field_8\" class=\"wpforms-field-address-address1 wpforms-field-required\" name=\"wpforms[fields][8][address1]\" placeholder=\"Street \/ House number\" aria-errormessage=\"wpforms-57532-field_8-error\" required><label for=\"wpforms-57532-field_8\" class=\"wpforms-field-sublabel after wpforms-sublabel-hide\">Address Line 1<\/label><\/div><\/div><div class=\"wpforms-field-row wpforms-field-large\"><div class=\"wpforms-field-row-block wpforms-one-half wpforms-first\"><input type=\"text\" id=\"wpforms-57532-field_8-city\" class=\"wpforms-field-address-city wpforms-field-required\" name=\"wpforms[fields][8][city]\" placeholder=\"City\" aria-errormessage=\"wpforms-57532-field_8-city-error\" required><label for=\"wpforms-57532-field_8-city\" class=\"wpforms-field-sublabel after wpforms-sublabel-hide\">City<\/label><\/div><div class=\"wpforms-field-row-block wpforms-one-half\"><input type=\"text\" id=\"wpforms-57532-field_8-state\" class=\"wpforms-field-address-state wpforms-field-required\" name=\"wpforms[fields][8][state]\" placeholder=\"Country\" aria-errormessage=\"wpforms-57532-field_8-state-error\" required><label for=\"wpforms-57532-field_8-state\" class=\"wpforms-field-sublabel after wpforms-sublabel-hide\">State \/ Province \/ Region<\/label><\/div><\/div><div class=\"wpforms-field-row wpforms-field-large\"><div class=\"wpforms-field-row-block wpforms-one-half wpforms-first\"><input type=\"text\" id=\"wpforms-57532-field_8-postal\" class=\"wpforms-field-address-postal wpforms-field-required\" name=\"wpforms[fields][8][postal]\" placeholder=\"Zip\" aria-errormessage=\"wpforms-57532-field_8-postal-error\" required><label for=\"wpforms-57532-field_8-postal\" class=\"wpforms-field-sublabel after wpforms-sublabel-hide\">Postal Code<\/label><\/div><\/div><\/fieldset><\/div><div id=\"wpforms-57532-field_26-container\" class=\"wpforms-field wpforms-field-checkbox\" data-field-id=\"26\"><fieldset><legend class=\"wpforms-field-label\">Direct debit authorization consent <span class=\"wpforms-required-label\" aria-hidden=\"true\">*<\/span><\/legend><ul id=\"wpforms-57532-field_26\" class=\"wpforms-field-required\"><li class=\"choice-1 depth-1\"><input type=\"checkbox\" id=\"wpforms-57532-field_26_1\" name=\"wpforms[fields][26][]\" value=\"Ich willige ein, dass die flugfabrik GmbH den Rechnungsbetrag wie im Formular angegeben f\u00fcr die von mir gebuchte Reise von meinem Konto mittels Lastschrift einziehen darf.\" aria-errormessage=\"wpforms-57532-field_26_1-error\" required><label class=\"wpforms-field-label-inline\" for=\"wpforms-57532-field_26_1\">I hereby consent to flugfabrik GmbH debiting the invoice amount as specified in the form for the booked trip from my account by direct debit.<\/label><\/li><\/ul><\/fieldset><\/div><div id=\"wpforms-57532-field_5-container\" class=\"wpforms-field wpforms-field-gdpr-checkbox\" data-field-id=\"5\"><label class=\"wpforms-field-label\" for=\"wpforms-57532-field_5\">GDPR consent <span class=\"wpforms-required-label\" aria-hidden=\"true\">*<\/span><\/label><ul id=\"wpforms-57532-field_5\" class=\"wpforms-field-required\"><li class=\"choice-1\"><input type=\"checkbox\" id=\"wpforms-57532-field_5_1\" name=\"wpforms[fields][5][]\" value=\"Durch die Nutzung erkl\u00e4ren Sie sich damit einverstanden, dass wir Ihre Daten gem\u00e4\u00df der DSGVO zur Bearbeitung speichern. Weitere Informationen und Widerrufshinweise finden Sie in unserer Datenschutzerkl\u00e4rung.\" aria-errormessage=\"wpforms-57532-field_5_1-error\" required><label class=\"wpforms-field-label-inline\" for=\"wpforms-57532-field_5_1\">By using this service, you agree that we may store and process your data in accordance with GDPR regulations. For more information and withdrawal instructions, please refer to our privacy policy.<\/label><\/li><\/ul><\/div><div id=\"wpforms-57532-field_9-container\" class=\"wpforms-field wpforms-field-captcha\" data-field-id=\"9\"><label class=\"wpforms-field-label\" for=\"wpforms-57532-field_9\">Captcha verification <span class=\"wpforms-required-label\" aria-hidden=\"true\">*<\/span><\/label>\t\t\t<div class=\"wpforms-captcha-math\">\n\t\t\t\t<span class=\"wpforms-captcha-equation\">\n\t\t\t\t\t<span class=\"n1\"><\/span>\n\t\t\t\t\t<span class=\"cal\"><\/span>\n\t\t\t\t\t<span class=\"n2\"><\/span>\n\t\t\t\t\t<span class=\"e\">=<\/span>\n\t\t\t\t<\/span>\n\t\t\t\t<input type=\"text\" id=\"wpforms-57532-field_9\" class=\"wpforms-field-medium wpforms-field-required a\" data-rule-wpf-captcha=\"math\" name=\"wpforms[fields][9][a]\" aria-errormessage=\"wpforms-57532-field_9-error\" aria-describedby=\"wpforms-57532-field_9-description\" required>\t\t\t\t<input type=\"hidden\" name=\"wpforms[fields][9][cal]\" class=\"cal\">\n\t\t\t\t<input type=\"hidden\" name=\"wpforms[fields][9][n2]\" class=\"n2\">\n\t\t\t\t<input type=\"hidden\" name=\"wpforms[fields][9][n1]\" class=\"n1\">\n\t\t\t<\/div>\n\t\t\t<div id=\"wpforms-57532-field_9-description\" class=\"wpforms-field-description\"> Please solve the mathematical problem for Captcha verification.<\/div><\/div><\/div><!-- .wpforms-field-container --><div class=\"wpforms-submit-container\" ><input type=\"hidden\" name=\"wpforms[id]\" value=\"57532\"><input type=\"hidden\" name=\"wpforms[author]\" value=\"1\"><button type=\"submit\" name=\"wpforms[submit]\" id=\"wpforms-submit-57532\" class=\"wpforms-submit\" data-alt-text=\"Senden...\" data-submit-text=\"Formular absenden\" aria-live=\"assertive\" value=\"wpforms-submit\">Submit form<\/button><img loading=\"lazy\" decoding=\"async\" src=\"https:\/\/flugfabrik.de\/wp-content\/plugins\/wpforms\/assets\/images\/submit-spin.svg\" class=\"wpforms-submit-spinner\" style=\"display: none;\" width=\"26\" height=\"26\" alt=\"Loading\"><\/div><input type=\"hidden\" name=\"trp-form-language\" value=\"en\"\/><\/form><\/div>  <!-- .wpforms-container --><\/div><\/div><\/div><\/div><div class=\"vc_row-full-width vc_clearfix\"><\/div>\n<\/div>","protected":false},"excerpt":{"rendered":"<p>Sicherer Zahlungsverkehr: Unsere Webseite nutzt eine SSL-Verschl\u00fcsselung (Secure Socket Layer), um die Sicherheit Ihrer Daten w\u00e4hrend des gesamten Lastschriftverfahrens zu gew\u00e4hrleisten. Diese Technologie sch\u00fctzt Ihre pers\u00f6nlichen Informationen, indem sie diese vor dem Versand \u00fcber das Internet verschl\u00fcsselt. Sie k\u00f6nnen erkennen, dass Sie sich in einem sicheren Bereich befinden, wenn die Adresszeile des Browsers mit &#8222;https:\/\/&#8220;&hellip;<\/p>","protected":false},"author":1,"featured_media":0,"parent":0,"menu_order":0,"comment_status":"closed","ping_status":"closed","template":"","meta":{"inline_featured_image":false,"footnotes":""},"class_list":["post-57478","page","type-page","status-publish","hentry","description-off"],"_links":{"self":[{"href":"https:\/\/flugfabrik.de\/en\/wp-json\/wp\/v2\/pages\/57478","targetHints":{"allow":["GET"]}}],"collection":[{"href":"https:\/\/flugfabrik.de\/en\/wp-json\/wp\/v2\/pages"}],"about":[{"href":"https:\/\/flugfabrik.de\/en\/wp-json\/wp\/v2\/types\/page"}],"author":[{"embeddable":true,"href":"https:\/\/flugfabrik.de\/en\/wp-json\/wp\/v2\/users\/1"}],"replies":[{"embeddable":true,"href":"https:\/\/flugfabrik.de\/en\/wp-json\/wp\/v2\/comments?post=57478"}],"version-history":[{"count":1,"href":"https:\/\/flugfabrik.de\/en\/wp-json\/wp\/v2\/pages\/57478\/revisions"}],"predecessor-version":[{"id":57536,"href":"https:\/\/flugfabrik.de\/en\/wp-json\/wp\/v2\/pages\/57478\/revisions\/57536"}],"wp:attachment":[{"href":"https:\/\/flugfabrik.de\/en\/wp-json\/wp\/v2\/media?parent=57478"}],"curies":[{"name":"wp","href":"https:\/\/api.w.org\/{rel}","templated":true}]}}